{"id":6253,"date":"2025-08-06T15:58:49","date_gmt":"2025-08-06T19:58:49","guid":{"rendered":"https:\/\/www.saveursetcouleurs.ca\/mi-cuenta\/"},"modified":"2026-03-22T16:41:52","modified_gmt":"2026-03-22T20:41:52","slug":"mi-cuenta","status":"publish","type":"page","link":"https:\/\/www.saveursetcouleurs.ca\/es\/mi-cuenta\/","title":{"rendered":"Mi Cuenta"},"content":{"rendered":"\n<div class=\"wp-block-group alignfull is-layout-constrained wp-block-group-is-layout-constrained\">\n<div class=\"wp-block-group sc-account-help has-border-color has-background is-layout-constrained wp-container-core-group-is-layout-33dc0f72 wp-block-group-is-layout-constrained\" style=\"border-width:1px;border-radius:18px;background-color:#f7f7f7;margin-top:20px;margin-bottom:25px;padding-top:10px;padding-right:20px;padding-bottom:10px;padding-left:20px\">\n<h4 class=\"wp-block-heading\" style=\"margin-bottom:8px\">\u00bfNecesitas ayuda?<\/h4>\n\n\n\n<p class=\"has-text-color\" style=\"color:#66746a;margin-bottom:14px\">Para cualquier pregunta sobre tus pedidos, tu cuenta o la entrega, cont\u00e1ctanos directamente.<\/p>\n\n\n\n<div class=\"wp-block-button\"><a class=\"wp-block-button__link has-white-color has-vivid-green-cyan-background-color has-text-color has-background wp-element-button\" href=\"https:\/\/www.saveursetcouleurs.ca\/es\/contacto\/\" style=\"border-radius:999px;padding-top:10px;padding-right:18px;padding-bottom:10px;padding-left:18px\">Cont\u00e1ctanos<\/a><\/div>\n<\/div>\n\n\n\n\n<div class=\"woocommerce\"><\/div>\n<\/div>\n","protected":false},"excerpt":{"rendered":"<p>\u00bfNecesitas ayuda? Para cualquier pregunta sobre tus pedidos, tu cuenta o la entrega, cont\u00e1ctanos directamente. Ventaja cliente Env\u00edo gratuito a partir de 75 $ Disfruta del env\u00edo gratuito en todo Canad\u00e1 en tus pedidos elegibles.<\/p>\n","protected":false},"author":1,"featured_media":0,"parent":0,"menu_order":0,"comment_status":"closed","ping_status":"closed","template":"","meta":{"_uag_custom_page_level_css":"","site-sidebar-layout":"default","site-content-layout":"","ast-site-content-layout":"default","site-content-style":"default","site-sidebar-style":"default","ast-global-header-display":"","ast-banner-title-visibility":"","ast-main-header-display":"","ast-hfb-above-header-display":"","ast-hfb-below-header-display":"","ast-hfb-mobile-header-display":"","site-post-title":"disabled","ast-breadcrumbs-content":"","ast-featured-img":"","footer-sml-layout":"","ast-disable-related-posts":"","theme-transparent-header-meta":"","adv-header-id-meta":"","stick-header-meta":"","header-above-stick-meta":"","header-main-stick-meta":"","header-below-stick-meta":"","astra-migrate-meta-layouts":"default","ast-page-background-enabled":"default","ast-page-background-meta":{"desktop":{"background-color":"","background-image":"","background-repeat":"repeat","background-position":"center center","background-size":"auto","background-attachment":"scroll","background-type":"","background-media":"","overlay-type":"","overlay-color":"","overlay-opacity":"","overlay-gradient":""},"tablet":{"background-color":"","background-image":"","background-repeat":"repeat","background-position":"center center","background-size":"auto","background-attachment":"scroll","background-type":"","background-media":"","overlay-type":"","overlay-color":"","overlay-opacity":"","overlay-gradient":""},"mobile":{"background-color":"","background-image":"","background-repeat":"repeat","background-position":"center center","background-size":"auto","background-attachment":"scroll","background-type":"","background-media":"","overlay-type":"","overlay-color":"","overlay-opacity":"","overlay-gradient":""}},"ast-content-background-meta":{"desktop":{"background-color":"var(--ast-global-color-5)","background-image":"","background-repeat":"repeat","background-position":"center center","background-size":"auto","background-attachment":"scroll","background-type":"","background-media":"","overlay-type":"","overlay-color":"","overlay-opacity":"","overlay-gradient":""},"tablet":{"background-color":"var(--ast-global-color-5)","background-image":"","background-repeat":"repeat","background-position":"center center","background-size":"auto","background-attachment":"scroll","background-type":"","background-media":"","overlay-type":"","overlay-color":"","overlay-opacity":"","overlay-gradient":""},"mobile":{"background-color":"var(--ast-global-color-5)","background-image":"","background-repeat":"repeat","background-position":"center center","background-size":"auto","background-attachment":"scroll","background-type":"","background-media":"","overlay-type":"","overlay-color":"","overlay-opacity":"","overlay-gradient":""}},"footnotes":""},"class_list":["post-6253","page","type-page","status-publish","hentry"],"uagb_featured_image_src":{"full":false,"thumbnail":false,"medium":false,"medium_large":false,"large":false,"1536x1536":false,"2048x2048":false,"woocommerce_thumbnail":false,"woocommerce_single":false,"woocommerce_gallery_thumbnail":false,"dgwt-wcas-product-suggestion":false},"uagb_author_info":{"display_name":"Evalnor","author_link":"https:\/\/www.saveursetcouleurs.ca\/es\/author\/evalnor\/"},"uagb_comment_info":0,"uagb_excerpt":"\u00bfNecesitas ayuda? Para cualquier pregunta sobre tus pedidos, tu cuenta o la entrega, cont\u00e1ctanos directamente. Ventaja cliente Env\u00edo gratuito a partir de 75 $ Disfruta del env\u00edo gratuito en todo Canad\u00e1 en tus pedidos elegibles.","jetpack_sharing_enabled":true,"_links":{"self":[{"href":"https:\/\/www.saveursetcouleurs.ca\/es\/wp-json\/wp\/v2\/pages\/6253","targetHints":{"allow":["GET"]}}],"collection":[{"href":"https:\/\/www.saveursetcouleurs.ca\/es\/wp-json\/wp\/v2\/pages"}],"about":[{"href":"https:\/\/www.saveursetcouleurs.ca\/es\/wp-json\/wp\/v2\/types\/page"}],"author":[{"embeddable":true,"href":"https:\/\/www.saveursetcouleurs.ca\/es\/wp-json\/wp\/v2\/users\/1"}],"replies":[{"embeddable":true,"href":"https:\/\/www.saveursetcouleurs.ca\/es\/wp-json\/wp\/v2\/comments?post=6253"}],"version-history":[{"count":3,"href":"https:\/\/www.saveursetcouleurs.ca\/es\/wp-json\/wp\/v2\/pages\/6253\/revisions"}],"predecessor-version":[{"id":6534,"href":"https:\/\/www.saveursetcouleurs.ca\/es\/wp-json\/wp\/v2\/pages\/6253\/revisions\/6534"}],"wp:attachment":[{"href":"https:\/\/www.saveursetcouleurs.ca\/es\/wp-json\/wp\/v2\/media?parent=6253"}],"curies":[{"name":"wp","href":"https:\/\/api.w.org\/{rel}","templated":true}]}}