{"id":6426,"date":"2025-08-05T04:24:26","date_gmt":"2025-08-05T08:24:26","guid":{"rendered":"https:\/\/www.saveursetcouleurs.ca\/politica-de-privacidad\/"},"modified":"2026-03-22T15:56:48","modified_gmt":"2026-03-22T19:56:48","slug":"politica-de-privacidad","status":"publish","type":"page","link":"https:\/\/www.saveursetcouleurs.ca\/es\/politica-de-privacidad\/","title":{"rendered":"Pol\u00edtica de privacidad"},"content":{"rendered":"\n<div class=\"wp-block-uagb-container uagb-block-policyhero_privacy alignfull uagb-is-root-container\"><div class=\"uagb-container-inner-blocks-wrap\">\n\n\n<div class=\"wp-block-uagb-advanced-heading uagb-block-privacytitle001\"><h1 class=\"uagb-heading-text\">Pol\u00edtica de privacidad<\/h1><\/div>\n\n\n\n<p class=\"has-text-align-center\">Protecci\u00f3n y gesti\u00f3n de tus datos personales<\/p>\n\n\n<\/div><\/div>\n\n<div class=\"wp-block-uagb-container uagb-block-privacycontent001 alignfull uagb-is-root-container\"><div class=\"uagb-container-inner-blocks-wrap\">\n\n\n<p><strong>\u00daltima actualizaci\u00f3n:<\/strong> marzo de 2026<\/p>\n\n\n\n<p>Esta pol\u00edtica de privacidad describe c\u00f3mo <strong>Saveurs &amp; Couleurs<\/strong> recopila, utiliza, comunica y protege los datos personales de los usuarios de su sitio web.<\/p>\n\n\n\n<p>La direcci\u00f3n de nuestro sitio web es: <strong>https:\/\/saveursetcouleurs.ca<\/strong><\/p>\n\n\n\n<hr class=\"wp-block-separator has-css-opacity\"\/>\n\n\n\n<h2 class=\"wp-block-heading\">Recopilaci\u00f3n de datos personales<\/h2>\n\n\n\n<p>Cuando utilizas nuestro sitio web o realizas una compra, se pueden recopilar ciertos datos personales, en particular:<\/p>\n\n\n\n<ul class=\"wp-block-list\">\n<li>nombre y apellidos<\/li>\n<li>direcci\u00f3n de correo electr\u00f3nico<\/li>\n<li>direcci\u00f3n de env\u00edo y de facturaci\u00f3n<\/li>\n<li>n\u00famero de tel\u00e9fono<\/li>\n<li>informaci\u00f3n relacionada con el pedido<\/li>\n<li>informaci\u00f3n de pago, procesada por proveedores seguros<\/li>\n<li>direcci\u00f3n IP e informaci\u00f3n t\u00e9cnica de navegaci\u00f3n<\/li>\n<\/ul>\n\n\n\n<p>Estos datos pueden recopilarse cuando:<\/p>\n\n\n\n<ul class=\"wp-block-list\">\n<li>realizas una compra en la tienda<\/li>\n<li>creas una cuenta de usuario<\/li>\n<li>dejas un comentario<\/li>\n<li>te pones en contacto con nosotros a trav\u00e9s de un formulario o por correo electr\u00f3nico<\/li>\n<\/ul>\n\n\n\n<hr class=\"wp-block-separator has-css-opacity\"\/>\n\n\n\n<h2 class=\"wp-block-heading\">Uso de la informaci\u00f3n<\/h2>\n\n\n\n<p>Los datos personales recopilados pueden utilizarse, entre otros fines, para:<\/p>\n\n\n\n<ul class=\"wp-block-list\">\n<li>procesar y enviar los pedidos<\/li>\n<li>comunicarse con los clientes sobre su pedido<\/li>\n<li>mejorar la experiencia del usuario en el sitio<\/li>\n<li>garantizar la seguridad del sitio web<\/li>\n<li>cumplir con las obligaciones legales, administrativas y fiscales<\/li>\n<\/ul>\n\n\n\n<hr class=\"wp-block-separator has-css-opacity\"\/>\n\n\n\n<h2 class=\"wp-block-heading\">Comentarios<\/h2>\n\n\n\n<p>Cuando los visitantes dejan comentarios en el sitio, recopilamos los datos que se muestran en el formulario de comentarios, as\u00ed como la direcci\u00f3n IP del visitante y la cadena de agentes de usuario del navegador para ayudar a la detecci\u00f3n de spam.<\/p>\n\n\n\n<p>Se puede proporcionar una cadena an\u00f3nima creada a partir de tu direcci\u00f3n de correo electr\u00f3nico al servicio Gravatar para ver si lo est\u00e1s usando.<\/p>\n\n\n\n<hr class=\"wp-block-separator has-css-opacity\"\/>\n\n\n\n<h2 class=\"wp-block-heading\">Cookies<\/h2>\n\n\n\n<p>Nuestro sitio utiliza cookies para mejorar la experiencia del usuario y el correcto funcionamiento de la tienda online.<\/p>\n\n\n\n<p>Las cookies pueden permitir, entre otras cosas:<\/p>\n\n\n\n<ul class=\"wp-block-list\">\n<li>recordar tus preferencias<\/li>\n<li>facilitar el inicio de sesi\u00f3n en tu cuenta<\/li>\n<li>analizar el uso del sitio<\/li>\n<li>mejorar las funciones de la tienda online<\/li>\n<\/ul>\n\n\n\n<p>Puedes configurar tu navegador para rechazar o eliminar las cookies si lo deseas. Sin embargo, algunas funciones del sitio podr\u00edan verse afectadas. <\/p>\n\n\n\n<hr class=\"wp-block-separator has-css-opacity\"\/>\n\n\n\n<h2 class=\"wp-block-heading\">Contenido incrustado de otros sitios web<\/h2>\n\n\n\n<p>Las p\u00e1ginas de este sitio pueden incluir contenido incrustado (por ejemplo, v\u00eddeos, im\u00e1genes o art\u00edculos). El contenido incrustado de otros sitios web se comporta exactamente de la misma manera que si el visitante hubiera visitado el otro sitio web. <\/p>\n\n\n\n<p>Estos sitios web pueden recopilar datos sobre ti, utilizar cookies y realizar un seguimiento de tu interacci\u00f3n con ese contenido.<\/p>\n\n\n\n<hr class=\"wp-block-separator has-css-opacity\"\/>\n\n\n\n<h2 class=\"wp-block-heading\">Intercambio de informaci\u00f3n<\/h2>\n\n\n\n<p>Cierta informaci\u00f3n puede ser comunicada a proveedores de servicios necesarios para el funcionamiento del sitio, en particular:<\/p>\n\n\n\n<ul class=\"wp-block-list\">\n<li>servicios de pago<\/li>\n<li>servicios de env\u00edo<\/li>\n<li>servicios de alojamiento web<\/li>\n<li>herramientas de seguridad y prevenci\u00f3n de spam<\/li>\n<\/ul>\n\n\n\n<p>Estos proveedores utilizan la informaci\u00f3n \u00fanicamente en la medida necesaria para la prestaci\u00f3n de sus servicios.<\/p>\n\n\n\n<hr class=\"wp-block-separator has-css-opacity\"\/>\n\n\n\n<h2 class=\"wp-block-heading\">Conservaci\u00f3n de los datos<\/h2>\n\n\n\n<p>Los datos necesarios para obligaciones legales, administrativas o fiscales pueden conservarse de acuerdo con los requisitos aplicables.<\/p>\n\n\n\n<p>La informaci\u00f3n relacionada con las cuentas de usuario, los pedidos y las comunicaciones puede conservarse durante el tiempo que sea necesario para garantizar la gesti\u00f3n del servicio y el cumplimiento de nuestras obligaciones.<\/p>\n\n\n\n<hr class=\"wp-block-separator has-css-opacity\"\/>\n\n\n\n<h2 class=\"wp-block-heading\">Tus derechos<\/h2>\n\n\n\n<p>De acuerdo con las leyes aplicables en materia de protecci\u00f3n de datos personales, puedes solicitar:<\/p>\n\n\n\n<ul class=\"wp-block-list\">\n<li>el acceso a tus datos personales<\/li>\n<li>la rectificaci\u00f3n de cierta informaci\u00f3n<\/li>\n<li>la eliminaci\u00f3n de ciertos datos cuando la ley lo permita<\/li>\n<\/ul>\n\n\n\n<p>Para ejercer estos derechos, ponte en contacto con nosotros en la direcci\u00f3n que se indica a continuaci\u00f3n.<\/p>\n\n\n\n<hr class=\"wp-block-separator has-css-opacity\"\/>\n\n\n\n<h2 class=\"wp-block-heading\">Contacto<\/h2>\n\n\n\n<p>Si tienes alguna pregunta sobre esta pol\u00edtica de privacidad o la gesti\u00f3n de tus datos personales, puedes ponerte en contacto con nosotros en:<\/p>\n\n\n\n<p><strong><a href=\"mailto:info@saveursetcouleurs.ca\">info@saveursetcouleurs.ca<\/a><\/strong><\/p>\n\n\n<\/div><\/div>\n","protected":false},"excerpt":{"rendered":"<p>Pol\u00edtica de privacidad Protecci\u00f3n y gesti\u00f3n de tus datos personales \u00daltima actualizaci\u00f3n: marzo de 2026 Esta pol\u00edtica de privacidad describe c\u00f3mo Saveurs &amp; Couleurs recopila, utiliza, comunica y protege los datos personales de los usuarios de su sitio web. La direcci\u00f3n de nuestro sitio web es: https:\/\/saveursetcouleurs.ca Recopilaci\u00f3n de datos personales Cuando utilizas nuestro sitio [&hellip;]<\/p>\n","protected":false},"author":1,"featured_media":0,"parent":0,"menu_order":0,"comment_status":"closed","ping_status":"closed","template":"","meta":{"_uag_custom_page_level_css":"","site-sidebar-layout":"default","site-content-layout":"","ast-site-content-layout":"default","site-content-style":"default","site-sidebar-style":"default","ast-global-header-display":"","ast-banner-title-visibility":"","ast-main-header-display":"","ast-hfb-above-header-display":"","ast-hfb-below-header-display":"","ast-hfb-mobile-header-display":"","site-post-title":"disabled","ast-breadcrumbs-content":"","ast-featured-img":"","footer-sml-layout":"","ast-disable-related-posts":"","theme-transparent-header-meta":"","adv-header-id-meta":"","stick-header-meta":"","header-above-stick-meta":"","header-main-stick-meta":"","header-below-stick-meta":"","astra-migrate-meta-layouts":"default","ast-page-background-enabled":"default","ast-page-background-meta":{"desktop":{"background-color":"","background-image":"","background-repeat":"repeat","background-position":"center center","background-size":"auto","background-attachment":"scroll","background-type":"","background-media":"","overlay-type":"","overlay-color":"","overlay-opacity":"","overlay-gradient":""},"tablet":{"background-color":"","background-image":"","background-repeat":"repeat","background-position":"center center","background-size":"auto","background-attachment":"scroll","background-type":"","background-media":"","overlay-type":"","overlay-color":"","overlay-opacity":"","overlay-gradient":""},"mobile":{"background-color":"","background-image":"","background-repeat":"repeat","background-position":"center center","background-size":"auto","background-attachment":"scroll","background-type":"","background-media":"","overlay-type":"","overlay-color":"","overlay-opacity":"","overlay-gradient":""}},"ast-content-background-meta":{"desktop":{"background-color":"var(--ast-global-color-5)","background-image":"","background-repeat":"repeat","background-position":"center center","background-size":"auto","background-attachment":"scroll","background-type":"","background-media":"","overlay-type":"","overlay-color":"","overlay-opacity":"","overlay-gradient":""},"tablet":{"background-color":"var(--ast-global-color-5)","background-image":"","background-repeat":"repeat","background-position":"center center","background-size":"auto","background-attachment":"scroll","background-type":"","background-media":"","overlay-type":"","overlay-color":"","overlay-opacity":"","overlay-gradient":""},"mobile":{"background-color":"var(--ast-global-color-5)","background-image":"","background-repeat":"repeat","background-position":"center center","background-size":"auto","background-attachment":"scroll","background-type":"","background-media":"","overlay-type":"","overlay-color":"","overlay-opacity":"","overlay-gradient":""}},"footnotes":""},"class_list":["post-6426","page","type-page","status-publish","hentry"],"uagb_featured_image_src":{"full":false,"thumbnail":false,"medium":false,"medium_large":false,"large":false,"1536x1536":false,"2048x2048":false,"woocommerce_thumbnail":false,"woocommerce_single":false,"woocommerce_gallery_thumbnail":false,"dgwt-wcas-product-suggestion":false},"uagb_author_info":{"display_name":"Evalnor","author_link":"https:\/\/www.saveursetcouleurs.ca\/es\/author\/evalnor\/"},"uagb_comment_info":0,"uagb_excerpt":"Pol\u00edtica de privacidad Protecci\u00f3n y gesti\u00f3n de tus datos personales \u00daltima actualizaci\u00f3n: marzo de 2026 Esta pol\u00edtica de privacidad describe c\u00f3mo Saveurs &amp; Couleurs recopila, utiliza, comunica y protege los datos personales de los usuarios de su sitio web. La direcci\u00f3n de nuestro sitio web es: https:\/\/saveursetcouleurs.ca Recopilaci\u00f3n de datos personales Cuando utilizas nuestro sitio&hellip;","jetpack_sharing_enabled":true,"_links":{"self":[{"href":"https:\/\/www.saveursetcouleurs.ca\/es\/wp-json\/wp\/v2\/pages\/6426","targetHints":{"allow":["GET"]}}],"collection":[{"href":"https:\/\/www.saveursetcouleurs.ca\/es\/wp-json\/wp\/v2\/pages"}],"about":[{"href":"https:\/\/www.saveursetcouleurs.ca\/es\/wp-json\/wp\/v2\/types\/page"}],"author":[{"embeddable":true,"href":"https:\/\/www.saveursetcouleurs.ca\/es\/wp-json\/wp\/v2\/users\/1"}],"replies":[{"embeddable":true,"href":"https:\/\/www.saveursetcouleurs.ca\/es\/wp-json\/wp\/v2\/comments?post=6426"}],"version-history":[{"count":2,"href":"https:\/\/www.saveursetcouleurs.ca\/es\/wp-json\/wp\/v2\/pages\/6426\/revisions"}],"predecessor-version":[{"id":6431,"href":"https:\/\/www.saveursetcouleurs.ca\/es\/wp-json\/wp\/v2\/pages\/6426\/revisions\/6431"}],"wp:attachment":[{"href":"https:\/\/www.saveursetcouleurs.ca\/es\/wp-json\/wp\/v2\/media?parent=6426"}],"curies":[{"name":"wp","href":"https:\/\/api.w.org\/{rel}","templated":true}]}}