{"id":6267,"date":"2026-03-09T15:23:58","date_gmt":"2026-03-09T15:23:58","guid":{"rendered":"https:\/\/www.saveursetcouleurs.ca\/produit\/jabon-b-natural\/"},"modified":"2026-04-04T23:44:27","modified_gmt":"2026-04-05T03:44:27","slug":"jabon-b-natural","status":"publish","type":"product","link":"https:\/\/www.saveursetcouleurs.ca\/es\/produit\/jabon-b-natural\/","title":{"rendered":"Brisa de Primavera \u2013 Natural"},"content":{"rendered":"<p data-start=\"169\" data-end=\"464\"><strong data-start=\"169\" data-end=\"191\">Brisa de Primavera<\/strong><br data-start=\"191\" data-end=\"194\">Este jab\u00f3n suave y nutritivo est\u00e1 formulado a partir de aceites vegetales de calidad, como el aceite de oliva, de coco y de ricino, as\u00ed como manteca de cacao. Ofrece una espuma rica y cremosa que limpia la piel con suavidad y deja una sensaci\u00f3n de frescor. <\/p>\n<p data-start=\"466\" data-end=\"602\">Inspirado en la suavidad de la primavera, es apto para todo tipo de piel y puede usarse a diario en el cuerpo y el rostro.<\/p>\n","protected":false},"excerpt":{"rendered":"<p data-start=\"366\" data-end=\"545\">Jab\u00f3n natural suave y fresco que evoca la ligereza de la primavera, dejando la piel limpia y revitalizada.<\/p>\n","protected":false},"featured_media":6549,"comment_status":"open","ping_status":"closed","template":"","meta":{"_uag_custom_page_level_css":"","site-sidebar-layout":"default","site-content-layout":"","ast-site-content-layout":"default","site-content-style":"default","site-sidebar-style":"default","ast-global-header-display":"","ast-banner-title-visibility":"","ast-main-header-display":"","ast-hfb-above-header-display":"","ast-hfb-below-header-display":"","ast-hfb-mobile-header-display":"","site-post-title":"","ast-breadcrumbs-content":"","ast-featured-img":"","footer-sml-layout":"","ast-disable-related-posts":"","theme-transparent-header-meta":"default","adv-header-id-meta":"","stick-header-meta":"default","header-above-stick-meta":"","header-main-stick-meta":"","header-below-stick-meta":"","astra-migrate-meta-layouts":"default","ast-page-background-enabled":"default","ast-page-background-meta":{"desktop":{"background-color":"","background-image":"","background-repeat":"repeat","background-position":"center center","background-size":"auto","background-attachment":"scroll","background-type":"","background-media":"","overlay-type":"","overlay-color":"","overlay-opacity":"","overlay-gradient":""},"tablet":{"background-color":"","background-image":"","background-repeat":"repeat","background-position":"center center","background-size":"auto","background-attachment":"scroll","background-type":"","background-media":"","overlay-type":"","overlay-color":"","overlay-opacity":"","overlay-gradient":""},"mobile":{"background-color":"","background-image":"","background-repeat":"repeat","background-position":"center center","background-size":"auto","background-attachment":"scroll","background-type":"","background-media":"","overlay-type":"","overlay-color":"","overlay-opacity":"","overlay-gradient":""}},"ast-content-background-meta":{"desktop":{"background-color":"var(--ast-global-color-5)","background-image":"","background-repeat":"repeat","background-position":"center center","background-size":"auto","background-attachment":"scroll","background-type":"","background-media":"","overlay-type":"","overlay-color":"","overlay-opacity":"","overlay-gradient":""},"tablet":{"background-color":"var(--ast-global-color-5)","background-image":"","background-repeat":"repeat","background-position":"center center","background-size":"auto","background-attachment":"scroll","background-type":"","background-media":"","overlay-type":"","overlay-color":"","overlay-opacity":"","overlay-gradient":""},"mobile":{"background-color":"var(--ast-global-color-5)","background-image":"","background-repeat":"repeat","background-position":"center center","background-size":"auto","background-attachment":"scroll","background-type":"","background-media":"","overlay-type":"","overlay-color":"","overlay-opacity":"","overlay-gradient":""}},"jetpack_publicize_message":"","jetpack_publicize_feature_enabled":true,"jetpack_social_post_already_shared":true,"jetpack_social_options":{"image_generator_settings":{"template":"highway","default_image_id":0,"font":"","enabled":false},"version":2}},"product_brand":[],"product_cat":[82,83],"product_tag":[],"class_list":{"0":"post-6267","1":"product","2":"type-product","3":"status-publish","4":"has-post-thumbnail","6":"product_cat-bienestar-natural","7":"product_cat-jabones-naturales","8":"desktop-align-center","9":"tablet-align-center","10":"mobile-align-center","11":"ast-product-gallery-layout-horizontal","12":"ast-product-gallery-with-no-image","13":"ast-product-tabs-layout-horizontal","14":"ast-qv-on-image","16":"first","17":"instock","18":"featured","19":"taxable","20":"shipping-taxable","21":"purchasable","22":"product-type-simple","23":"add-to-wishlist-after_add_to_cart"},"jetpack_publicize_connections":[],"uagb_featured_image_src":{"full":["https:\/\/www.saveursetcouleurs.ca\/wp-content\/uploads\/2026\/03\/Brise-de-printemps.jpg",1000,1000,false],"thumbnail":["https:\/\/www.saveursetcouleurs.ca\/wp-content\/uploads\/2026\/03\/Brise-de-printemps-150x150.jpg",150,150,true],"medium":["https:\/\/www.saveursetcouleurs.ca\/wp-content\/uploads\/2026\/03\/Brise-de-printemps-300x300.jpg",300,300,true],"medium_large":["https:\/\/www.saveursetcouleurs.ca\/wp-content\/uploads\/2026\/03\/Brise-de-printemps-768x768.jpg",768,768,true],"large":["https:\/\/www.saveursetcouleurs.ca\/wp-content\/uploads\/2026\/03\/Brise-de-printemps.jpg",1000,1000,false],"1536x1536":["https:\/\/www.saveursetcouleurs.ca\/wp-content\/uploads\/2026\/03\/Brise-de-printemps.jpg",1000,1000,false],"2048x2048":["https:\/\/www.saveursetcouleurs.ca\/wp-content\/uploads\/2026\/03\/Brise-de-printemps.jpg",1000,1000,false],"woocommerce_thumbnail":["https:\/\/www.saveursetcouleurs.ca\/wp-content\/uploads\/2026\/03\/Brise-de-printemps-300x300.jpg",300,300,true],"woocommerce_single":["https:\/\/www.saveursetcouleurs.ca\/wp-content\/uploads\/2026\/03\/Brise-de-printemps-600x600.jpg",600,600,true],"woocommerce_gallery_thumbnail":["https:\/\/www.saveursetcouleurs.ca\/wp-content\/uploads\/2026\/03\/Brise-de-printemps-100x100.jpg",100,100,true],"dgwt-wcas-product-suggestion":["https:\/\/www.saveursetcouleurs.ca\/wp-content\/uploads\/2026\/03\/Brise-de-printemps-64x64.jpg",64,64,true]},"uagb_author_info":{"display_name":"Evalnor","author_link":"https:\/\/www.saveursetcouleurs.ca\/es\/author\/"},"uagb_comment_info":0,"uagb_excerpt":"Jab\u00f3n natural suave y fresco que evoca la ligereza de la primavera, dejando la piel limpia y revitalizada.","jetpack_sharing_enabled":true,"_links":{"self":[{"href":"https:\/\/www.saveursetcouleurs.ca\/es\/wp-json\/wp\/v2\/product\/6267","targetHints":{"allow":["GET"]}}],"collection":[{"href":"https:\/\/www.saveursetcouleurs.ca\/es\/wp-json\/wp\/v2\/product"}],"about":[{"href":"https:\/\/www.saveursetcouleurs.ca\/es\/wp-json\/wp\/v2\/types\/product"}],"replies":[{"embeddable":true,"href":"https:\/\/www.saveursetcouleurs.ca\/es\/wp-json\/wp\/v2\/comments?post=6267"}],"wp:featuredmedia":[{"embeddable":true,"href":"https:\/\/www.saveursetcouleurs.ca\/es\/wp-json\/wp\/v2\/media\/6549"}],"wp:attachment":[{"href":"https:\/\/www.saveursetcouleurs.ca\/es\/wp-json\/wp\/v2\/media?parent=6267"}],"wp:term":[{"taxonomy":"product_brand","embeddable":true,"href":"https:\/\/www.saveursetcouleurs.ca\/es\/wp-json\/wp\/v2\/product_brand?post=6267"},{"taxonomy":"product_cat","embeddable":true,"href":"https:\/\/www.saveursetcouleurs.ca\/es\/wp-json\/wp\/v2\/product_cat?post=6267"},{"taxonomy":"product_tag","embeddable":true,"href":"https:\/\/www.saveursetcouleurs.ca\/es\/wp-json\/wp\/v2\/product_tag?post=6267"}],"curies":[{"name":"wp","href":"https:\/\/api.w.org\/{rel}","templated":true}]}}