{"id":6294,"date":"2026-03-09T15:25:11","date_gmt":"2026-03-09T15:25:11","guid":{"rendered":"https:\/\/www.saveursetcouleurs.ca\/produit\/jabon-rosado-floral-natural\/"},"modified":"2026-04-04T23:43:42","modified_gmt":"2026-04-05T03:43:42","slug":"jabon-rosado-floral-natural","status":"publish","type":"product","link":"https:\/\/www.saveursetcouleurs.ca\/es\/produit\/jabon-rosado-floral-natural\/","title":{"rendered":"Jab\u00f3n Rosado floral \u2013 Natural"},"content":{"rendered":"<p>rosado floral<\/p>\n","protected":false},"excerpt":{"rendered":"<p>&gt;Jab\u00f3n natural con un delicado aroma de rosa floral. Suave para la piel y agradable para el d\u00eda a d\u00eda.<\/p>\n","protected":false},"featured_media":6296,"comment_status":"open","ping_status":"closed","template":"","meta":{"_uag_custom_page_level_css":"","site-sidebar-layout":"default","site-content-layout":"","ast-site-content-layout":"default","site-content-style":"default","site-sidebar-style":"default","ast-global-header-display":"","ast-banner-title-visibility":"","ast-main-header-display":"","ast-hfb-above-header-display":"","ast-hfb-below-header-display":"","ast-hfb-mobile-header-display":"","site-post-title":"","ast-breadcrumbs-content":"","ast-featured-img":"","footer-sml-layout":"","ast-disable-related-posts":"","theme-transparent-header-meta":"default","adv-header-id-meta":"","stick-header-meta":"default","header-above-stick-meta":"","header-main-stick-meta":"","header-below-stick-meta":"","astra-migrate-meta-layouts":"default","ast-page-background-enabled":"default","ast-page-background-meta":{"desktop":{"background-color":"","background-image":"","background-repeat":"repeat","background-position":"center center","background-size":"auto","background-attachment":"scroll","background-type":"","background-media":"","overlay-type":"","overlay-color":"","overlay-opacity":"","overlay-gradient":""},"tablet":{"background-color":"","background-image":"","background-repeat":"repeat","background-position":"center center","background-size":"auto","background-attachment":"scroll","background-type":"","background-media":"","overlay-type":"","overlay-color":"","overlay-opacity":"","overlay-gradient":""},"mobile":{"background-color":"","background-image":"","background-repeat":"repeat","background-position":"center center","background-size":"auto","background-attachment":"scroll","background-type":"","background-media":"","overlay-type":"","overlay-color":"","overlay-opacity":"","overlay-gradient":""}},"ast-content-background-meta":{"desktop":{"background-color":"var(--ast-global-color-5)","background-image":"","background-repeat":"repeat","background-position":"center center","background-size":"auto","background-attachment":"scroll","background-type":"","background-media":"","overlay-type":"","overlay-color":"","overlay-opacity":"","overlay-gradient":""},"tablet":{"background-color":"var(--ast-global-color-5)","background-image":"","background-repeat":"repeat","background-position":"center center","background-size":"auto","background-attachment":"scroll","background-type":"","background-media":"","overlay-type":"","overlay-color":"","overlay-opacity":"","overlay-gradient":""},"mobile":{"background-color":"var(--ast-global-color-5)","background-image":"","background-repeat":"repeat","background-position":"center center","background-size":"auto","background-attachment":"scroll","background-type":"","background-media":"","overlay-type":"","overlay-color":"","overlay-opacity":"","overlay-gradient":""}},"jetpack_publicize_message":"","jetpack_publicize_feature_enabled":true,"jetpack_social_post_already_shared":true,"jetpack_social_options":{"image_generator_settings":{"template":"highway","default_image_id":0,"font":"","enabled":false},"version":2}},"product_brand":[],"product_cat":[82,83],"product_tag":[],"class_list":{"0":"post-6294","1":"product","2":"type-product","3":"status-publish","4":"has-post-thumbnail","6":"product_cat-bienestar-natural","7":"product_cat-jabones-naturales","8":"desktop-align-center","9":"tablet-align-center","10":"mobile-align-center","11":"ast-product-gallery-layout-horizontal","12":"ast-product-gallery-with-no-image","13":"ast-product-tabs-layout-horizontal","14":"ast-qv-on-image","16":"first","17":"instock","18":"taxable","19":"shipping-taxable","20":"purchasable","21":"product-type-simple","22":"add-to-wishlist-after_add_to_cart"},"jetpack_publicize_connections":[],"uagb_featured_image_src":{"full":["https:\/\/www.saveursetcouleurs.ca\/wp-content\/uploads\/2026\/03\/Rose-Florale.jpg",1000,1000,false],"thumbnail":["https:\/\/www.saveursetcouleurs.ca\/wp-content\/uploads\/2026\/03\/Rose-Florale-150x150.jpg",150,150,true],"medium":["https:\/\/www.saveursetcouleurs.ca\/wp-content\/uploads\/2026\/03\/Rose-Florale-300x300.jpg",300,300,true],"medium_large":["https:\/\/www.saveursetcouleurs.ca\/wp-content\/uploads\/2026\/03\/Rose-Florale-768x768.jpg",768,768,true],"large":["https:\/\/www.saveursetcouleurs.ca\/wp-content\/uploads\/2026\/03\/Rose-Florale.jpg",1000,1000,false],"1536x1536":["https:\/\/www.saveursetcouleurs.ca\/wp-content\/uploads\/2026\/03\/Rose-Florale.jpg",1000,1000,false],"2048x2048":["https:\/\/www.saveursetcouleurs.ca\/wp-content\/uploads\/2026\/03\/Rose-Florale.jpg",1000,1000,false],"woocommerce_thumbnail":["https:\/\/www.saveursetcouleurs.ca\/wp-content\/uploads\/2026\/03\/Rose-Florale-300x300.jpg",300,300,true],"woocommerce_single":["https:\/\/www.saveursetcouleurs.ca\/wp-content\/uploads\/2026\/03\/Rose-Florale-600x600.jpg",600,600,true],"woocommerce_gallery_thumbnail":["https:\/\/www.saveursetcouleurs.ca\/wp-content\/uploads\/2026\/03\/Rose-Florale-100x100.jpg",100,100,true],"dgwt-wcas-product-suggestion":["https:\/\/www.saveursetcouleurs.ca\/wp-content\/uploads\/2026\/03\/Rose-Florale-64x64.jpg",64,64,true]},"uagb_author_info":{"display_name":"Evalnor","author_link":"https:\/\/www.saveursetcouleurs.ca\/es\/author\/"},"uagb_comment_info":0,"uagb_excerpt":"&gt;Jab\u00f3n natural con un delicado aroma de rosa floral. Suave para la piel y agradable para el d\u00eda a d\u00eda.","jetpack_sharing_enabled":true,"_links":{"self":[{"href":"https:\/\/www.saveursetcouleurs.ca\/es\/wp-json\/wp\/v2\/product\/6294","targetHints":{"allow":["GET"]}}],"collection":[{"href":"https:\/\/www.saveursetcouleurs.ca\/es\/wp-json\/wp\/v2\/product"}],"about":[{"href":"https:\/\/www.saveursetcouleurs.ca\/es\/wp-json\/wp\/v2\/types\/product"}],"replies":[{"embeddable":true,"href":"https:\/\/www.saveursetcouleurs.ca\/es\/wp-json\/wp\/v2\/comments?post=6294"}],"wp:featuredmedia":[{"embeddable":true,"href":"https:\/\/www.saveursetcouleurs.ca\/es\/wp-json\/wp\/v2\/media\/6296"}],"wp:attachment":[{"href":"https:\/\/www.saveursetcouleurs.ca\/es\/wp-json\/wp\/v2\/media?parent=6294"}],"wp:term":[{"taxonomy":"product_brand","embeddable":true,"href":"https:\/\/www.saveursetcouleurs.ca\/es\/wp-json\/wp\/v2\/product_brand?post=6294"},{"taxonomy":"product_cat","embeddable":true,"href":"https:\/\/www.saveursetcouleurs.ca\/es\/wp-json\/wp\/v2\/product_cat?post=6294"},{"taxonomy":"product_tag","embeddable":true,"href":"https:\/\/www.saveursetcouleurs.ca\/es\/wp-json\/wp\/v2\/product_tag?post=6294"}],"curies":[{"name":"wp","href":"https:\/\/api.w.org\/{rel}","templated":true}]}}