{"id":6300,"date":"2026-03-09T15:24:48","date_gmt":"2026-03-09T15:24:48","guid":{"rendered":"https:\/\/www.saveursetcouleurs.ca\/produit\/jabon-lluvia-fresca-natural\/"},"modified":"2026-04-05T00:58:51","modified_gmt":"2026-04-05T04:58:51","slug":"jabon-lluvia-fresca-natural","status":"publish","type":"product","link":"https:\/\/www.saveursetcouleurs.ca\/es\/produit\/jabon-lluvia-fresca-natural\/","title":{"rendered":"Jab\u00f3n Lavanda del Jard\u00edn &#8211; Natural"},"content":{"rendered":"<p data-start=\"165\" data-end=\"412\"><strong data-start=\"165\" data-end=\"215\">Descubre el Jab\u00f3n Lavanda del Jard\u00edn &#8211; Natural<\/strong>, un jab\u00f3n delicado inspirado en la suavidad y el perfume relajante de la lavanda en plena floraci\u00f3n. Su aroma ligero y relajante transforma tu rutina diaria en un aut\u00e9ntico momento de relax. <\/p>\n<p data-start=\"414\" data-end=\"635\">Fabricado con esmero, este jab\u00f3n limpia la piel suavemente dejando una sensaci\u00f3n limpia, fresca y reconfortante. Su espuma cremosa ayuda a eliminar las impurezas respetando el equilibrio natural de la piel. <\/p>\n<p data-start=\"637\" data-end=\"816\">Ya sea para empezar el d\u00eda con suavidad o para relajarte al final de la tarde, el jab\u00f3n Lavanda del Jard\u00edn aporta un toque de calma y bienestar en cada uso.<\/p>\n","protected":false},"excerpt":{"rendered":"<p data-start=\"366\" data-end=\"545\">Jab\u00f3n natural <strong>Lavanda del Jard\u00edn<\/strong> Jab\u00f3n suave con perfume relajante, que deja la piel limpia y fresca. Apto para todo tipo de pieles. <\/p>\n","protected":false},"featured_media":6560,"comment_status":"open","ping_status":"closed","template":"","meta":{"_uag_custom_page_level_css":"","site-sidebar-layout":"default","site-content-layout":"","ast-site-content-layout":"default","site-content-style":"default","site-sidebar-style":"default","ast-global-header-display":"","ast-banner-title-visibility":"","ast-main-header-display":"","ast-hfb-above-header-display":"","ast-hfb-below-header-display":"","ast-hfb-mobile-header-display":"","site-post-title":"","ast-breadcrumbs-content":"","ast-featured-img":"","footer-sml-layout":"","ast-disable-related-posts":"","theme-transparent-header-meta":"default","adv-header-id-meta":"","stick-header-meta":"default","header-above-stick-meta":"","header-main-stick-meta":"","header-below-stick-meta":"","astra-migrate-meta-layouts":"default","ast-page-background-enabled":"default","ast-page-background-meta":{"desktop":{"background-color":"","background-image":"","background-repeat":"repeat","background-position":"center center","background-size":"auto","background-attachment":"scroll","background-type":"","background-media":"","overlay-type":"","overlay-color":"","overlay-opacity":"","overlay-gradient":""},"tablet":{"background-color":"","background-image":"","background-repeat":"repeat","background-position":"center center","background-size":"auto","background-attachment":"scroll","background-type":"","background-media":"","overlay-type":"","overlay-color":"","overlay-opacity":"","overlay-gradient":""},"mobile":{"background-color":"","background-image":"","background-repeat":"repeat","background-position":"center center","background-size":"auto","background-attachment":"scroll","background-type":"","background-media":"","overlay-type":"","overlay-color":"","overlay-opacity":"","overlay-gradient":""}},"ast-content-background-meta":{"desktop":{"background-color":"var(--ast-global-color-5)","background-image":"","background-repeat":"repeat","background-position":"center center","background-size":"auto","background-attachment":"scroll","background-type":"","background-media":"","overlay-type":"","overlay-color":"","overlay-opacity":"","overlay-gradient":""},"tablet":{"background-color":"var(--ast-global-color-5)","background-image":"","background-repeat":"repeat","background-position":"center center","background-size":"auto","background-attachment":"scroll","background-type":"","background-media":"","overlay-type":"","overlay-color":"","overlay-opacity":"","overlay-gradient":""},"mobile":{"background-color":"var(--ast-global-color-5)","background-image":"","background-repeat":"repeat","background-position":"center center","background-size":"auto","background-attachment":"scroll","background-type":"","background-media":"","overlay-type":"","overlay-color":"","overlay-opacity":"","overlay-gradient":""}},"jetpack_publicize_message":"","jetpack_publicize_feature_enabled":true,"jetpack_social_post_already_shared":true,"jetpack_social_options":{"image_generator_settings":{"template":"highway","default_image_id":0,"font":"","enabled":false},"version":2}},"product_brand":[],"product_cat":[82,83],"product_tag":[],"class_list":{"0":"post-6300","1":"product","2":"type-product","3":"status-publish","4":"has-post-thumbnail","6":"product_cat-bienestar-natural","7":"product_cat-jabones-naturales","8":"desktop-align-center","9":"tablet-align-center","10":"mobile-align-center","11":"ast-product-gallery-layout-horizontal","12":"ast-product-gallery-with-no-image","13":"ast-product-tabs-layout-horizontal","14":"ast-qv-on-image","16":"first","17":"instock","18":"taxable","19":"shipping-taxable","20":"purchasable","21":"product-type-simple","22":"add-to-wishlist-after_add_to_cart"},"jetpack_publicize_connections":[],"uagb_featured_image_src":{"full":["https:\/\/www.saveursetcouleurs.ca\/wp-content\/uploads\/2026\/03\/Lavande-du-jardin.jpg",1000,1000,false],"thumbnail":["https:\/\/www.saveursetcouleurs.ca\/wp-content\/uploads\/2026\/03\/Lavande-du-jardin-150x150.jpg",150,150,true],"medium":["https:\/\/www.saveursetcouleurs.ca\/wp-content\/uploads\/2026\/03\/Lavande-du-jardin-300x300.jpg",300,300,true],"medium_large":["https:\/\/www.saveursetcouleurs.ca\/wp-content\/uploads\/2026\/03\/Lavande-du-jardin-768x768.jpg",768,768,true],"large":["https:\/\/www.saveursetcouleurs.ca\/wp-content\/uploads\/2026\/03\/Lavande-du-jardin.jpg",1000,1000,false],"1536x1536":["https:\/\/www.saveursetcouleurs.ca\/wp-content\/uploads\/2026\/03\/Lavande-du-jardin.jpg",1000,1000,false],"2048x2048":["https:\/\/www.saveursetcouleurs.ca\/wp-content\/uploads\/2026\/03\/Lavande-du-jardin.jpg",1000,1000,false],"woocommerce_thumbnail":["https:\/\/www.saveursetcouleurs.ca\/wp-content\/uploads\/2026\/03\/Lavande-du-jardin-300x300.jpg",300,300,true],"woocommerce_single":["https:\/\/www.saveursetcouleurs.ca\/wp-content\/uploads\/2026\/03\/Lavande-du-jardin-600x600.jpg",600,600,true],"woocommerce_gallery_thumbnail":["https:\/\/www.saveursetcouleurs.ca\/wp-content\/uploads\/2026\/03\/Lavande-du-jardin-100x100.jpg",100,100,true],"dgwt-wcas-product-suggestion":["https:\/\/www.saveursetcouleurs.ca\/wp-content\/uploads\/2026\/03\/Lavande-du-jardin-64x64.jpg",64,64,true]},"uagb_author_info":{"display_name":"Evalnor","author_link":"https:\/\/www.saveursetcouleurs.ca\/es\/author\/"},"uagb_comment_info":0,"uagb_excerpt":"Jab\u00f3n natural Lavanda del Jard\u00edn Jab\u00f3n suave con perfume relajante, que deja la piel limpia y fresca. Apto para todo tipo de pieles.","jetpack_sharing_enabled":true,"_links":{"self":[{"href":"https:\/\/www.saveursetcouleurs.ca\/es\/wp-json\/wp\/v2\/product\/6300","targetHints":{"allow":["GET"]}}],"collection":[{"href":"https:\/\/www.saveursetcouleurs.ca\/es\/wp-json\/wp\/v2\/product"}],"about":[{"href":"https:\/\/www.saveursetcouleurs.ca\/es\/wp-json\/wp\/v2\/types\/product"}],"replies":[{"embeddable":true,"href":"https:\/\/www.saveursetcouleurs.ca\/es\/wp-json\/wp\/v2\/comments?post=6300"}],"wp:featuredmedia":[{"embeddable":true,"href":"https:\/\/www.saveursetcouleurs.ca\/es\/wp-json\/wp\/v2\/media\/6560"}],"wp:attachment":[{"href":"https:\/\/www.saveursetcouleurs.ca\/es\/wp-json\/wp\/v2\/media?parent=6300"}],"wp:term":[{"taxonomy":"product_brand","embeddable":true,"href":"https:\/\/www.saveursetcouleurs.ca\/es\/wp-json\/wp\/v2\/product_brand?post=6300"},{"taxonomy":"product_cat","embeddable":true,"href":"https:\/\/www.saveursetcouleurs.ca\/es\/wp-json\/wp\/v2\/product_cat?post=6300"},{"taxonomy":"product_tag","embeddable":true,"href":"https:\/\/www.saveursetcouleurs.ca\/es\/wp-json\/wp\/v2\/product_tag?post=6300"}],"curies":[{"name":"wp","href":"https:\/\/api.w.org\/{rel}","templated":true}]}}