{"id":6586,"date":"2026-03-24T21:55:16","date_gmt":"2026-03-25T01:55:16","guid":{"rendered":"https:\/\/www.saveursetcouleurs.ca\/produit\/vela-noche-de-oriente\/"},"modified":"2026-04-04T23:35:42","modified_gmt":"2026-04-05T03:35:42","slug":"vela-noche-de-oriente","status":"publish","type":"product","link":"https:\/\/www.saveursetcouleurs.ca\/es\/produit\/vela-noche-de-oriente\/","title":{"rendered":"Vela &#8211; Noche de Oriente"},"content":{"rendered":"<p data-start=\"157\" data-end=\"405\"><strong data-start=\"157\" data-end=\"174\">Noche de Oriente<\/strong><br data-start=\"174\" data-end=\"177\">Sum\u00e9rgete en un ambiente c\u00e1lido y cautivador con nuestra vela de cera de soja, presentada en un elegante tarro \u00e1mbar. Su fragancia rica y cautivadora transforma tu espacio en un lugar relajante, inspirado en las noches orientales. <\/p>\n<p data-start=\"407\" data-end=\"640\">Dise\u00f1ada para armonizar con cualquier decoraci\u00f3n, esta vela ofrece una est\u00e9tica minimalista y atemporal. Su cera de soja ecol\u00f3gica garantiza una combusti\u00f3n limpia y prolongada, difundiendo delicadamente su fragancia durante horas. <\/p>\n<p data-start=\"642\" data-end=\"729\">Ideal para crear una atm\u00f3sfera suave, reconfortante y refinada en tu d\u00eda a d\u00eda.<\/p>\n<p data-start=\"642\" data-end=\"729\">\u2022 Vela de cera de soja 100 % natural<br data-start=\"799\" data-end=\"802\">\u2022 Fragancia c\u00e1lida y envolvente<br data-start=\"836\" data-end=\"839\">\u2022 Tarro de vidrio \u00e1mbar con tapa negra<br data-start=\"879\" data-end=\"882\">\u2022 Combusti\u00f3n limpia y larga duraci\u00f3n (40 a 50 horas)<br data-start=\"934\" data-end=\"937\">\u2022 Formato: 8 oz<\/p>\n","protected":false},"excerpt":{"rendered":"<p>Una vela de fragancia rica y envolvente, presentada en un elegante tarro \u00e1mbar. Su cera de soja ofrece una combusti\u00f3n limpia y duradera, ideal para crear un ambiente c\u00e1lido y relajante. <\/p>\n","protected":false},"featured_media":6587,"comment_status":"open","ping_status":"closed","template":"","meta":{"_uag_custom_page_level_css":"","site-sidebar-layout":"default","site-content-layout":"","ast-site-content-layout":"default","site-content-style":"default","site-sidebar-style":"default","ast-global-header-display":"","ast-banner-title-visibility":"","ast-main-header-display":"","ast-hfb-above-header-display":"","ast-hfb-below-header-display":"","ast-hfb-mobile-header-display":"","site-post-title":"","ast-breadcrumbs-content":"","ast-featured-img":"","footer-sml-layout":"","ast-disable-related-posts":"","theme-transparent-header-meta":"default","adv-header-id-meta":"","stick-header-meta":"default","header-above-stick-meta":"","header-main-stick-meta":"","header-below-stick-meta":"","astra-migrate-meta-layouts":"default","ast-page-background-enabled":"default","ast-page-background-meta":{"desktop":{"background-color":"","background-image":"","background-repeat":"repeat","background-position":"center center","background-size":"auto","background-attachment":"scroll","background-type":"","background-media":"","overlay-type":"","overlay-color":"","overlay-opacity":"","overlay-gradient":""},"tablet":{"background-color":"","background-image":"","background-repeat":"repeat","background-position":"center center","background-size":"auto","background-attachment":"scroll","background-type":"","background-media":"","overlay-type":"","overlay-color":"","overlay-opacity":"","overlay-gradient":""},"mobile":{"background-color":"","background-image":"","background-repeat":"repeat","background-position":"center center","background-size":"auto","background-attachment":"scroll","background-type":"","background-media":"","overlay-type":"","overlay-color":"","overlay-opacity":"","overlay-gradient":""}},"ast-content-background-meta":{"desktop":{"background-color":"var(--ast-global-color-5)","background-image":"","background-repeat":"repeat","background-position":"center center","background-size":"auto","background-attachment":"scroll","background-type":"","background-media":"","overlay-type":"","overlay-color":"","overlay-opacity":"","overlay-gradient":""},"tablet":{"background-color":"var(--ast-global-color-5)","background-image":"","background-repeat":"repeat","background-position":"center center","background-size":"auto","background-attachment":"scroll","background-type":"","background-media":"","overlay-type":"","overlay-color":"","overlay-opacity":"","overlay-gradient":""},"mobile":{"background-color":"var(--ast-global-color-5)","background-image":"","background-repeat":"repeat","background-position":"center center","background-size":"auto","background-attachment":"scroll","background-type":"","background-media":"","overlay-type":"","overlay-color":"","overlay-opacity":"","overlay-gradient":""}},"jetpack_publicize_message":"","jetpack_publicize_feature_enabled":true,"jetpack_social_post_already_shared":true,"jetpack_social_options":{"image_generator_settings":{"template":"highway","default_image_id":0,"font":"","enabled":false},"version":2}},"product_brand":[],"product_cat":[122],"product_tag":[],"class_list":{"0":"post-6586","1":"product","2":"type-product","3":"status-publish","4":"has-post-thumbnail","6":"product_cat-velas-perfumadas","7":"desktop-align-center","8":"tablet-align-center","9":"mobile-align-center","10":"ast-product-gallery-layout-horizontal","11":"ast-product-gallery-with-no-image","12":"ast-product-tabs-layout-horizontal","13":"ast-qv-on-image","15":"first","16":"instock","17":"taxable","18":"shipping-taxable","19":"purchasable","20":"product-type-simple","21":"add-to-wishlist-after_add_to_cart"},"jetpack_publicize_connections":[],"uagb_featured_image_src":{"full":["https:\/\/www.saveursetcouleurs.ca\/wp-content\/uploads\/2026\/03\/Nuit-dorient.jpg",1000,1000,false],"thumbnail":["https:\/\/www.saveursetcouleurs.ca\/wp-content\/uploads\/2026\/03\/Nuit-dorient-150x150.jpg",150,150,true],"medium":["https:\/\/www.saveursetcouleurs.ca\/wp-content\/uploads\/2026\/03\/Nuit-dorient-300x300.jpg",300,300,true],"medium_large":["https:\/\/www.saveursetcouleurs.ca\/wp-content\/uploads\/2026\/03\/Nuit-dorient-768x768.jpg",768,768,true],"large":["https:\/\/www.saveursetcouleurs.ca\/wp-content\/uploads\/2026\/03\/Nuit-dorient.jpg",1000,1000,false],"1536x1536":["https:\/\/www.saveursetcouleurs.ca\/wp-content\/uploads\/2026\/03\/Nuit-dorient.jpg",1000,1000,false],"2048x2048":["https:\/\/www.saveursetcouleurs.ca\/wp-content\/uploads\/2026\/03\/Nuit-dorient.jpg",1000,1000,false],"woocommerce_thumbnail":["https:\/\/www.saveursetcouleurs.ca\/wp-content\/uploads\/2026\/03\/Nuit-dorient-300x300.jpg",300,300,true],"woocommerce_single":["https:\/\/www.saveursetcouleurs.ca\/wp-content\/uploads\/2026\/03\/Nuit-dorient-600x600.jpg",600,600,true],"woocommerce_gallery_thumbnail":["https:\/\/www.saveursetcouleurs.ca\/wp-content\/uploads\/2026\/03\/Nuit-dorient-100x100.jpg",100,100,true],"dgwt-wcas-product-suggestion":["https:\/\/www.saveursetcouleurs.ca\/wp-content\/uploads\/2026\/03\/Nuit-dorient-64x64.jpg",64,64,true]},"uagb_author_info":{"display_name":"Carolane Gagn\u00e9","author_link":"https:\/\/www.saveursetcouleurs.ca\/es\/author\/"},"uagb_comment_info":0,"uagb_excerpt":"Una vela de fragancia rica y envolvente, presentada en un elegante tarro \u00e1mbar. Su cera de soja ofrece una combusti\u00f3n limpia y duradera, ideal para crear un ambiente c\u00e1lido y relajante.","jetpack_sharing_enabled":true,"_links":{"self":[{"href":"https:\/\/www.saveursetcouleurs.ca\/es\/wp-json\/wp\/v2\/product\/6586","targetHints":{"allow":["GET"]}}],"collection":[{"href":"https:\/\/www.saveursetcouleurs.ca\/es\/wp-json\/wp\/v2\/product"}],"about":[{"href":"https:\/\/www.saveursetcouleurs.ca\/es\/wp-json\/wp\/v2\/types\/product"}],"replies":[{"embeddable":true,"href":"https:\/\/www.saveursetcouleurs.ca\/es\/wp-json\/wp\/v2\/comments?post=6586"}],"wp:featuredmedia":[{"embeddable":true,"href":"https:\/\/www.saveursetcouleurs.ca\/es\/wp-json\/wp\/v2\/media\/6587"}],"wp:attachment":[{"href":"https:\/\/www.saveursetcouleurs.ca\/es\/wp-json\/wp\/v2\/media?parent=6586"}],"wp:term":[{"taxonomy":"product_brand","embeddable":true,"href":"https:\/\/www.saveursetcouleurs.ca\/es\/wp-json\/wp\/v2\/product_brand?post=6586"},{"taxonomy":"product_cat","embeddable":true,"href":"https:\/\/www.saveursetcouleurs.ca\/es\/wp-json\/wp\/v2\/product_cat?post=6586"},{"taxonomy":"product_tag","embeddable":true,"href":"https:\/\/www.saveursetcouleurs.ca\/es\/wp-json\/wp\/v2\/product_tag?post=6586"}],"curies":[{"name":"wp","href":"https:\/\/api.w.org\/{rel}","templated":true}]}}