{"id":6601,"date":"2026-03-24T22:07:25","date_gmt":"2026-03-25T02:07:25","guid":{"rendered":"https:\/\/www.saveursetcouleurs.ca\/produit\/vela-noche-relajante\/"},"modified":"2026-04-04T23:25:35","modified_gmt":"2026-04-05T03:25:35","slug":"vela-noche-relajante","status":"publish","type":"product","link":"https:\/\/www.saveursetcouleurs.ca\/es\/produit\/vela-noche-relajante\/","title":{"rendered":"Vela &#8211; Noche Relajante"},"content":{"rendered":"<p data-start=\"158\" data-end=\"421\"><strong data-start=\"158\" data-end=\"178\">Noche Relajante<\/strong><br data-start=\"178\" data-end=\"181\">Sum\u00e9rgete en una atm\u00f3sfera tranquila y reconfortante con nuestra vela de cera de soja, vertida a mano en un elegante envase de vidrio \u00e1mbar. Su fragancia suave y relajante est\u00e1 pensada para crear un momento de descanso, ideal para el final del d\u00eda. <\/p>\n<p data-start=\"423\" data-end=\"646\">Con su dise\u00f1o depurado y atemporal, esta vela se integra armoniosamente en cualquier decoraci\u00f3n. Su cera de soja ecol\u00f3gica ofrece una combusti\u00f3n limpia y duradera, difundiendo delicadamente un ambiente c\u00e1lido y relajante. <\/p>\n<p data-start=\"648\" data-end=\"722\">Perfecta para crear un ambiente tranquilo y acogedor en casa.<\/p>\n<p data-start=\"648\" data-end=\"722\">\n<p data-start=\"648\" data-end=\"722\">\u2022 Vela de cera de soja 100 % natural<br data-start=\"792\" data-end=\"795\">\u2022 Fragancia suave y relajante<br data-start=\"820\" data-end=\"823\">\u2022 Tarro de vidrio \u00e1mbar con tapa negra<br data-start=\"863\" data-end=\"866\">\u2022 Combusti\u00f3n limpia y de larga duraci\u00f3n (de 40 a 50 horas)<br data-start=\"918\" data-end=\"921\">\u2022 Formato: 225 g (8 oz)<\/p>\n","protected":false},"excerpt":{"rendered":"<p>Una vela suave y relajante, ideal para crear un ambiente tranquilo y c\u00e1lido. Su cera de soja ofrece una combusti\u00f3n limpia y duradera. <\/p>\n","protected":false},"featured_media":6590,"comment_status":"open","ping_status":"closed","template":"","meta":{"_uag_custom_page_level_css":"","site-sidebar-layout":"default","site-content-layout":"","ast-site-content-layout":"default","site-content-style":"default","site-sidebar-style":"default","ast-global-header-display":"","ast-banner-title-visibility":"","ast-main-header-display":"","ast-hfb-above-header-display":"","ast-hfb-below-header-display":"","ast-hfb-mobile-header-display":"","site-post-title":"","ast-breadcrumbs-content":"","ast-featured-img":"","footer-sml-layout":"","ast-disable-related-posts":"","theme-transparent-header-meta":"default","adv-header-id-meta":"","stick-header-meta":"default","header-above-stick-meta":"","header-main-stick-meta":"","header-below-stick-meta":"","astra-migrate-meta-layouts":"default","ast-page-background-enabled":"default","ast-page-background-meta":{"desktop":{"background-color":"","background-image":"","background-repeat":"repeat","background-position":"center center","background-size":"auto","background-attachment":"scroll","background-type":"","background-media":"","overlay-type":"","overlay-color":"","overlay-opacity":"","overlay-gradient":""},"tablet":{"background-color":"","background-image":"","background-repeat":"repeat","background-position":"center center","background-size":"auto","background-attachment":"scroll","background-type":"","background-media":"","overlay-type":"","overlay-color":"","overlay-opacity":"","overlay-gradient":""},"mobile":{"background-color":"","background-image":"","background-repeat":"repeat","background-position":"center center","background-size":"auto","background-attachment":"scroll","background-type":"","background-media":"","overlay-type":"","overlay-color":"","overlay-opacity":"","overlay-gradient":""}},"ast-content-background-meta":{"desktop":{"background-color":"var(--ast-global-color-5)","background-image":"","background-repeat":"repeat","background-position":"center center","background-size":"auto","background-attachment":"scroll","background-type":"","background-media":"","overlay-type":"","overlay-color":"","overlay-opacity":"","overlay-gradient":""},"tablet":{"background-color":"var(--ast-global-color-5)","background-image":"","background-repeat":"repeat","background-position":"center center","background-size":"auto","background-attachment":"scroll","background-type":"","background-media":"","overlay-type":"","overlay-color":"","overlay-opacity":"","overlay-gradient":""},"mobile":{"background-color":"var(--ast-global-color-5)","background-image":"","background-repeat":"repeat","background-position":"center center","background-size":"auto","background-attachment":"scroll","background-type":"","background-media":"","overlay-type":"","overlay-color":"","overlay-opacity":"","overlay-gradient":""}},"jetpack_publicize_message":"","jetpack_publicize_feature_enabled":true,"jetpack_social_post_already_shared":true,"jetpack_social_options":{"image_generator_settings":{"template":"highway","default_image_id":0,"font":"","enabled":false},"version":2}},"product_brand":[],"product_cat":[122],"product_tag":[],"class_list":{"0":"post-6601","1":"product","2":"type-product","3":"status-publish","4":"has-post-thumbnail","6":"product_cat-velas-perfumadas","7":"desktop-align-center","8":"tablet-align-center","9":"mobile-align-center","10":"ast-product-gallery-layout-horizontal","11":"ast-product-gallery-with-no-image","12":"ast-product-tabs-layout-horizontal","13":"ast-qv-on-image","15":"first","16":"instock","17":"featured","18":"taxable","19":"shipping-taxable","20":"purchasable","21":"product-type-simple","22":"add-to-wishlist-after_add_to_cart"},"jetpack_publicize_connections":[],"uagb_featured_image_src":{"full":["https:\/\/www.saveursetcouleurs.ca\/wp-content\/uploads\/2026\/03\/Soiree-Apaisante.jpg",1000,1000,false],"thumbnail":["https:\/\/www.saveursetcouleurs.ca\/wp-content\/uploads\/2026\/03\/Soiree-Apaisante-150x150.jpg",150,150,true],"medium":["https:\/\/www.saveursetcouleurs.ca\/wp-content\/uploads\/2026\/03\/Soiree-Apaisante-300x300.jpg",300,300,true],"medium_large":["https:\/\/www.saveursetcouleurs.ca\/wp-content\/uploads\/2026\/03\/Soiree-Apaisante-768x768.jpg",768,768,true],"large":["https:\/\/www.saveursetcouleurs.ca\/wp-content\/uploads\/2026\/03\/Soiree-Apaisante.jpg",1000,1000,false],"1536x1536":["https:\/\/www.saveursetcouleurs.ca\/wp-content\/uploads\/2026\/03\/Soiree-Apaisante.jpg",1000,1000,false],"2048x2048":["https:\/\/www.saveursetcouleurs.ca\/wp-content\/uploads\/2026\/03\/Soiree-Apaisante.jpg",1000,1000,false],"woocommerce_thumbnail":["https:\/\/www.saveursetcouleurs.ca\/wp-content\/uploads\/2026\/03\/Soiree-Apaisante-300x300.jpg",300,300,true],"woocommerce_single":["https:\/\/www.saveursetcouleurs.ca\/wp-content\/uploads\/2026\/03\/Soiree-Apaisante-600x600.jpg",600,600,true],"woocommerce_gallery_thumbnail":["https:\/\/www.saveursetcouleurs.ca\/wp-content\/uploads\/2026\/03\/Soiree-Apaisante-100x100.jpg",100,100,true],"dgwt-wcas-product-suggestion":["https:\/\/www.saveursetcouleurs.ca\/wp-content\/uploads\/2026\/03\/Soiree-Apaisante-64x64.jpg",64,64,true]},"uagb_author_info":{"display_name":"Carolane Gagn\u00e9","author_link":"https:\/\/www.saveursetcouleurs.ca\/es\/author\/"},"uagb_comment_info":0,"uagb_excerpt":"Una vela suave y relajante, ideal para crear un ambiente tranquilo y c\u00e1lido. Su cera de soja ofrece una combusti\u00f3n limpia y duradera.","jetpack_sharing_enabled":true,"_links":{"self":[{"href":"https:\/\/www.saveursetcouleurs.ca\/es\/wp-json\/wp\/v2\/product\/6601","targetHints":{"allow":["GET"]}}],"collection":[{"href":"https:\/\/www.saveursetcouleurs.ca\/es\/wp-json\/wp\/v2\/product"}],"about":[{"href":"https:\/\/www.saveursetcouleurs.ca\/es\/wp-json\/wp\/v2\/types\/product"}],"replies":[{"embeddable":true,"href":"https:\/\/www.saveursetcouleurs.ca\/es\/wp-json\/wp\/v2\/comments?post=6601"}],"wp:featuredmedia":[{"embeddable":true,"href":"https:\/\/www.saveursetcouleurs.ca\/es\/wp-json\/wp\/v2\/media\/6590"}],"wp:attachment":[{"href":"https:\/\/www.saveursetcouleurs.ca\/es\/wp-json\/wp\/v2\/media?parent=6601"}],"wp:term":[{"taxonomy":"product_brand","embeddable":true,"href":"https:\/\/www.saveursetcouleurs.ca\/es\/wp-json\/wp\/v2\/product_brand?post=6601"},{"taxonomy":"product_cat","embeddable":true,"href":"https:\/\/www.saveursetcouleurs.ca\/es\/wp-json\/wp\/v2\/product_cat?post=6601"},{"taxonomy":"product_tag","embeddable":true,"href":"https:\/\/www.saveursetcouleurs.ca\/es\/wp-json\/wp\/v2\/product_tag?post=6601"}],"curies":[{"name":"wp","href":"https:\/\/api.w.org\/{rel}","templated":true}]}}